{"id":3315,"date":"2020-06-18T10:44:49","date_gmt":"2020-06-18T08:44:49","guid":{"rendered":"https:\/\/www.o-tonemusic.de\/?page_id=3315"},"modified":"2022-09-17T11:38:28","modified_gmt":"2022-09-17T09:38:28","slug":"team","status":"publish","type":"page","link":"https:\/\/www.o-tonemusic.de\/en\/ueber-uns\/team\/","title":{"rendered":"Team"},"content":{"rendered":"<h1>\n<h2>Team<\/h2>\n<\/h1>\n<div>\n<p>Teamwork &#8211; gemeinsam mehr erreichen &#8211; schnelle Wege und Entscheidungen.\u00a0 Ein erfolgreiches wachsendes Team stellt sich vor:<\/p>\n<\/div>\n<p><img decoding=\"async\" src=\"\/wp-content\/uploads\/2020\/06\/Gruppenfoto-scaled.jpg\" alt=\"\"><br \/>\n<img decoding=\"async\" src=\"\/wp-content\/uploads\/2020\/06\/Dont-Losoe-the-humour-scaled.jpg\" alt=\"\"><\/p>\n<div>\n<p>Gesch\u00e4ftsf\u00fchrer<\/p>\n<p>Kontakt: uwe.hager[@]o-tonemusic.de<\/p>\n<p>Tel. +49(0)641-9488930<\/p>\n<\/div>\n<h1>\n<h2>Uwe Hager<\/h2>\n<\/h1>\n<div>\n<p>Uwe Hager (*1970, Freiburg) Musikwissenschaftler, Jazzpianist (Klavier, Fender Rhodes, Wurlitzer), Labelmanager und\u00a0 Gr\u00fcnder von o-tone music und Mitgr\u00fcnder von BHM Productions GmbH, studierte Musikwissenschaft, Musikp\u00e4dagogik, Soziologie an der Universit\u00e4t Gie\u00dfen und der Universit\u00e4t Hamburg, absolvierte mit einer Arbeit \u00fcber Thelonious Monk als Komponist und Improvisator. W\u00e4hrend seines Studiums arbeitete er als Musikschullehrer f\u00fcr Keyboard &amp; Klavier und war Tutor und wiss. Mitarbeiter f\u00fcr Jazzharmonielehre an der Universit\u00e4t Gie\u00dfen. Als Student gr\u00fcndete er bereits die Firma o-tone music, die sich in einer ver\u00e4nderten Musikwelt rechtzeitig auf Labelmanagement, Booking von Jazzk\u00fcnstlern spezialisierte. Von 1999-2005 arbeitete er als A&amp;R, Produktmanager und anschlie\u00dfend als Key Account f\u00fcr angeschlossene Lizenzlabels der &#8220;Fantasy Group&#8221; mit den Soul &amp; Jazzlabels Stax, Milestone, Riverside, Prestige, Contemporary f\u00fcr Deutschland, \u00d6sterreich, Schweiz und Benelux. Im Jahre 2000 gr\u00fcndete er f\u00fcr ZYX Gmbh &amp; COKG das Rare Groove Label &#8220;Brown Sugar&#8221;, das herausragende Compilationen aus Jazz, Soul, Funk ver\u00f6ffentlichte. Weitere Labelgr\u00fcndungen folgten: darunter das Blues &amp; Rock label &#8220;Pepper Cake&#8221; mit K\u00fcnstlern wie z.B. Henrik Freischlader, Mark Selby und John Campelljohn. Im Jazzbereich war er Gr\u00fcndungsgesellschafter und Gesch\u00e4ftsf\u00fchrer der BHM Productions GmbH. Auf dem Jazz, Funk &amp; Soul Label ver\u00f6ffentlichten K\u00fcnstler wie Maceo Parker, Dennis Chambers, tok tok tok, Mezzoforte, The Headhunters oder Trilok Gurtu u.v.a. Ab dem Jahre 2015 werden auf dem hauseigenen Label o-tone music und unserem Vertriebsnetz Alben u.a. von Cristina Branco, Ntjam Rosie,\u00a0 Ingolf Burkhardt &amp; der NDR Bigband, Badi Assad, Stephanie Neigel, Marina &amp; The Kats, Shai Maestro, Aeham Ahmad &amp; Edgar Knecht, Yvonne Mwale, Lisa Simone, Kadri Voorand, Daniel Stelter\u00a0 mit G\u00e4sten wie. Laith Al-Deen, Manu Katch\u00e9, Lulu Reinhardt oder der Singer &amp; Songwiriterin FEE. ver\u00f6ffentlicht.<\/p>\n<\/div>\n<h1>\n<p>Natalie Purdak<\/p>\n<\/h1>\n<div>\n<p>B\u00fcroassistenz &amp; Booking<\/p>\n<p>Kontakt: Natalie.Purdak[@]o-tonemusic.de;<\/p>\n<p>Tel. +49(0)641-9488930<\/p>\n<\/div>\n<p><img decoding=\"async\" src=\"\/wp-content\/uploads\/2020\/06\/Gruppenfoto2-scaled.jpg\" alt=\"\"><br \/>\n<img decoding=\"async\" src=\"\/wp-content\/uploads\/2020\/06\/Gruppenfoto2-scaled.jpg\" alt=\"\"><\/p>\n<h1>Nico Pfahler<\/h1>\n<div>\n<p>Label &amp; Postproduktion<\/p>\n<p>Kontkat: Nico.Pfahler[@]o-tonemusic.de<\/p>\n<p>Tel: +49(0)641-94889-31<\/p>\n<\/div>\n<h1>\n<h1>Svenja Strabel<\/h1>\n<\/h1>\n<div>\n<p>Postproduktion, Homepage &amp; Booking<\/p>\n<p>Kontakt: Svenja.Strabel[@]o-tonemusic.de<\/p>\n<p>Tel: +49(0)641-94889-31<\/p>\n<\/div>\n<p><img decoding=\"async\" src=\"\/wp-content\/uploads\/2020\/06\/Gruppenfoto2-scaled.jpg\" alt=\"\"><br \/>\n<img decoding=\"async\" src=\"\/wp-content\/uploads\/2020\/06\/Gruppenfoto2-scaled.jpg\" alt=\"\"><\/p>\n<h1>\n<h1>Anja Gutberlet<\/h1>\n<\/h1>\n<div>\n<p>Accounting<\/p>\n<p>Kontakt: Anja.Gutberlet@o-tonemusic.de<\/p>\n<p>Tel: +49(0)641-94889-32<\/p>\n<\/div>\n<h1>\n<h2>Christoph Giese<\/h2>\n<\/h1>\n<div>\n<p>national &amp; intl. Booking<\/p>\n<p>Kontakt: Christoph.Giese[@]o-tonemusic.de<\/p>\n<p>Tel: +49(0)641-9488932<\/p>\n<\/div>\n<p><img decoding=\"async\" src=\"\/wp-content\/uploads\/2020\/06\/Gruppenfoto2-scaled.jpg\" alt=\"\"><br \/>\n<img decoding=\"async\" src=\"\/wp-content\/uploads\/2020\/06\/Gruppenfoto2-scaled.jpg\" alt=\"\"><\/p>\n<h1>\n<h2>Hannah Herbert<\/h2>\n<\/h1>\n<div>\n<p>Postproduction &amp; social media<\/p>\n<p>Kontakt: Hannah.Herbert[@]o-tonemusic.de<\/p>\n<p>Tel: +49(0)641-9488931<\/p>\n<\/div>\n<p><!-- {\"type\":\"layout\",\"children\":[{\"type\":\"section\",\"props\":{\"style\":\"default\",\"width\":\"default\",\"vertical_align\":\"middle\",\"title_position\":\"top-left\",\"title_rotation\":\"left\",\"title_breakpoint\":\"xl\",\"image_position\":\"center-center\",\"padding\":\"small\"},\"children\":[{\"type\":\"row\",\"props\":{\"layout\":\"1-2,1-2\"},\"children\":[{\"type\":\"column\",\"props\":{\"image_position\":\"center-center\",\"media_overlay_gradient\":\"\",\"width_medium\":\"1-2\"},\"children\":[{\"type\":\"headline\",\"props\":{\"title_element\":\"h1\",\"content\":\"\n\n<h2>Team<\\\/h2>\"}},{\"type\":\"text\",\"props\":{\"margin\":\"default\",\"column_breakpoint\":\"m\",\"content\":\"\n\n<p>Teamwork - gemeinsam mehr erreichen - schnelle Wege und Entscheidungen.\\u00a0 Ein erfolgreiches wachsendes Team stellt sich vor:<\\\/p>\"}}]},{\"type\":\"column\",\"props\":{\"image_position\":\"center-center\",\"media_overlay_gradient\":\"\",\"width_medium\":\"1-2\"},\"children\":[{\"type\":\"image\",\"props\":{\"margin\":\"default\",\"image_svg_color\":\"emphasis\",\"image\":\"wp-content\\\/uploads\\\/2020\\\/06\\\/Gruppenfoto-scaled.jpg\",\"image_border\":\"rounded\"}}]}]}],\"name\":\"about us\"},{\"type\":\"section\",\"props\":{\"style\":\"default\",\"width\":\"default\",\"vertical_align\":\"middle\",\"title_position\":\"top-left\",\"title_rotation\":\"left\",\"title_breakpoint\":\"xl\",\"image_position\":\"center-center\",\"padding\":\"small\"},\"children\":[{\"type\":\"row\",\"props\":{\"layout\":\"1-2,1-2\"},\"children\":[{\"type\":\"column\",\"props\":{\"image_position\":\"center-center\",\"media_overlay_gradient\":\"\",\"width_medium\":\"1-2\"},\"children\":[{\"type\":\"image\",\"props\":{\"margin\":\"default\",\"image_svg_color\":\"emphasis\",\"image\":\"wp-content\\\/uploads\\\/2020\\\/06\\\/Dont-Losoe-the-humour-scaled.jpg\",\"image_border\":\"rounded\"}},{\"type\":\"text\",\"props\":{\"margin\":\"default\",\"column_breakpoint\":\"m\",\"content\":\"\n\n<p>Gesch\\u00e4ftsf\\u00fchrer<\\\/p>\\n\n\n<p>Kontakt: uwe.hager[@]o-tonemusic.de<\\\/p>\\n\n\n<p>Tel. +49(0)641-9488930<\\\/p>\"}}]},{\"type\":\"column\",\"props\":{\"image_position\":\"center-center\",\"media_overlay_gradient\":\"\",\"width_medium\":\"1-2\"},\"children\":[{\"type\":\"headline\",\"props\":{\"title_element\":\"h1\",\"content\":\"\n\n<h2>Uwe Hager<\\\/h2>\"}},{\"type\":\"text\",\"props\":{\"margin\":\"default\",\"column_breakpoint\":\"m\",\"content\":\"\n\n<p>Uwe Hager (*1970, Freiburg) Musikwissenschaftler, Jazzpianist (Klavier, Fender Rhodes, Wurlitzer), Labelmanager und\\u00a0 Gr\\u00fcnder von o-tone music und Mitgr\\u00fcnder von BHM Productions GmbH, studierte Musikwissenschaft, Musikp\\u00e4dagogik, Soziologie an der Universit\\u00e4t Gie\\u00dfen und der Universit\\u00e4t Hamburg, absolvierte mit einer Arbeit \\u00fcber Thelonious Monk als Komponist und Improvisator. W\\u00e4hrend seines Studiums arbeitete er als Musikschullehrer f\\u00fcr Keyboard &amp; Klavier und war Tutor und wiss. Mitarbeiter f\\u00fcr Jazzharmonielehre an der Universit\\u00e4t Gie\\u00dfen. Als Student gr\\u00fcndete er bereits die Firma o-tone music, die sich in einer ver\\u00e4nderten Musikwelt rechtzeitig auf Labelmanagement, Booking von Jazzk\\u00fcnstlern spezialisierte. Von 1999-2005 arbeitete er als A&amp;R, Produktmanager und anschlie\\u00dfend als Key Account f\\u00fcr angeschlossene Lizenzlabels der \\\"Fantasy Group\\\" mit den Soul &amp; Jazzlabels Stax, Milestone, Riverside, Prestige, Contemporary f\\u00fcr Deutschland, \\u00d6sterreich, Schweiz und Benelux. Im Jahre 2000 gr\\u00fcndete er f\\u00fcr ZYX Gmbh &amp; COKG das Rare Groove Label \\\"Brown Sugar\\\", das herausragende Compilationen aus Jazz, Soul, Funk ver\\u00f6ffentlichte. Weitere Labelgr\\u00fcndungen folgten: darunter das Blues &amp; Rock label \\\"Pepper Cake\\\" mit K\\u00fcnstlern wie z.B. Henrik Freischlader, Mark Selby und John Campelljohn. Im Jazzbereich war er Gr\\u00fcndungsgesellschafter und Gesch\\u00e4ftsf\\u00fchrer der BHM Productions GmbH. Auf dem Jazz, Funk &amp; Soul Label ver\\u00f6ffentlichten K\\u00fcnstler wie Maceo Parker, Dennis Chambers, tok tok tok, Mezzoforte, The Headhunters oder Trilok Gurtu u.v.a. Ab dem Jahre 2015 werden auf dem hauseigenen Label o-tone music und unserem Vertriebsnetz Alben u.a. von Cristina Branco, Ntjam Rosie,\\u00a0 Ingolf Burkhardt &amp; der NDR Bigband, Badi Assad, Stephanie Neigel, Marina &amp; The Kats, Shai Maestro, Aeham Ahmad &amp; Edgar Knecht, Yvonne Mwale, Lisa Simone, Kadri Voorand, Daniel Stelter\\u00a0 mit G\\u00e4sten wie. Laith Al-Deen, Manu Katch\\u00e9, Lulu Reinhardt oder der Singer &amp; Songwiriterin FEE. ver\\u00f6ffentlicht.<\\\/p>\"}}]}]}],\"name\":\"about us\"},{\"type\":\"section\",\"props\":{\"style\":\"default\",\"width\":\"default\",\"vertical_align\":\"middle\",\"title_position\":\"top-left\",\"title_rotation\":\"left\",\"title_breakpoint\":\"xl\",\"image_position\":\"center-center\",\"padding\":\"small\"},\"children\":[{\"type\":\"row\",\"props\":{\"layout\":\"1-2,1-2\"},\"children\":[{\"type\":\"column\",\"props\":{\"image_position\":\"center-center\",\"media_overlay_gradient\":\"\",\"width_medium\":\"1-2\"},\"children\":[{\"type\":\"headline\",\"props\":{\"title_element\":\"h1\",\"content\":\"\n\n<p>Natalie Purdak<\\\/p>\"}},{\"type\":\"text\",\"props\":{\"margin\":\"default\",\"column_breakpoint\":\"m\",\"content\":\"\n\n<p>B\\u00fcroassistenz &amp; Booking<\\\/p>\\n\n\n<p>Kontakt: Natalie.Purdak[@]o-tonemusic.de;<\\\/p>\\n\n\n<p>Tel. +49(0)641-9488930<\\\/p>\"}}]},{\"type\":\"column\",\"props\":{\"image_position\":\"center-center\",\"media_overlay_gradient\":\"\",\"width_medium\":\"1-2\"},\"children\":[{\"type\":\"image\",\"props\":{\"margin\":\"default\",\"image_svg_color\":\"emphasis\",\"image\":\"wp-content\\\/uploads\\\/2020\\\/06\\\/Gruppenfoto2-scaled.jpg\",\"image_border\":\"rounded\"}}]}]}],\"name\":\"about us\"},{\"type\":\"section\",\"props\":{\"style\":\"default\",\"width\":\"default\",\"vertical_align\":\"middle\",\"title_position\":\"top-left\",\"title_rotation\":\"left\",\"title_breakpoint\":\"xl\",\"image_position\":\"center-center\",\"padding\":\"small\"},\"children\":[{\"type\":\"row\",\"props\":{\"layout\":\"1-2,1-2\"},\"children\":[{\"type\":\"column\",\"props\":{\"image_position\":\"center-center\",\"media_overlay_gradient\":\"\",\"width_medium\":\"1-2\"},\"children\":[{\"type\":\"image\",\"props\":{\"margin\":\"default\",\"image_svg_color\":\"emphasis\",\"image\":\"wp-content\\\/uploads\\\/2020\\\/06\\\/Gruppenfoto2-scaled.jpg\",\"image_border\":\"rounded\"}}]},{\"type\":\"column\",\"props\":{\"image_position\":\"center-center\",\"media_overlay_gradient\":\"\",\"width_medium\":\"1-2\"},\"children\":[{\"type\":\"headline\",\"props\":{\"title_element\":\"h1\",\"content\":\"Nico Pfahler\"}},{\"type\":\"text\",\"props\":{\"margin\":\"default\",\"column_breakpoint\":\"m\",\"content\":\"\n\n<p>Label &amp; Postproduktion<\\\/p>\\n\n\n<p>Kontkat: Nico.Pfahler[@]o-tonemusic.de<\\\/p>\\n\n\n<p>Tel: +49(0)641-94889-31<\\\/p>\"}}]}]}],\"name\":\"about us\"},{\"type\":\"section\",\"props\":{\"style\":\"default\",\"width\":\"default\",\"vertical_align\":\"middle\",\"title_position\":\"top-left\",\"title_rotation\":\"left\",\"title_breakpoint\":\"xl\",\"image_position\":\"center-center\",\"padding\":\"small\"},\"children\":[{\"type\":\"row\",\"props\":{\"layout\":\"1-2,1-2\"},\"children\":[{\"type\":\"column\",\"props\":{\"image_position\":\"center-center\",\"media_overlay_gradient\":\"\",\"width_medium\":\"1-2\"},\"children\":[{\"type\":\"headline\",\"props\":{\"title_element\":\"h1\",\"content\":\"\"}}]},{\"type\":\"column\",\"props\":{\"image_position\":\"center-center\",\"media_overlay_gradient\":\"\",\"width_medium\":\"1-2\"},\"children\":[]}]}],\"name\":\"about us\"},{\"type\":\"section\",\"props\":{\"style\":\"default\",\"width\":\"default\",\"vertical_align\":\"middle\",\"title_position\":\"top-left\",\"title_rotation\":\"left\",\"title_breakpoint\":\"xl\",\"image_position\":\"center-center\",\"padding\":\"small\"},\"children\":[{\"type\":\"row\",\"props\":{\"layout\":\"1-2,1-2\"},\"children\":[{\"type\":\"column\",\"props\":{\"image_position\":\"center-center\",\"media_overlay_gradient\":\"\",\"width_medium\":\"1-2\"},\"children\":[{\"type\":\"headline\",\"props\":{\"title_element\":\"h1\",\"content\":\"\n\n<h1>Svenja Strabel<\\\/h1>\"}},{\"type\":\"text\",\"props\":{\"margin\":\"default\",\"column_breakpoint\":\"m\",\"content\":\"\n\n<p>Postproduktion, Homepage &amp; Booking<\\\/p>\\n\n\n<p>Kontakt: Svenja.Strabel[@]o-tonemusic.de<\\\/p>\\n\n\n<p>Tel: +49(0)641-94889-31<\\\/p>\"}}]},{\"type\":\"column\",\"props\":{\"image_position\":\"center-center\",\"media_overlay_gradient\":\"\",\"width_medium\":\"1-2\"},\"children\":[{\"type\":\"image\",\"props\":{\"margin\":\"default\",\"image_svg_color\":\"emphasis\",\"image\":\"wp-content\\\/uploads\\\/2020\\\/06\\\/Gruppenfoto2-scaled.jpg\"}}]}]}],\"name\":\"about us\"},{\"type\":\"section\",\"props\":{\"style\":\"default\",\"width\":\"default\",\"vertical_align\":\"middle\",\"title_position\":\"top-left\",\"title_rotation\":\"left\",\"title_breakpoint\":\"xl\",\"image_position\":\"center-center\",\"padding\":\"small\"},\"children\":[{\"type\":\"row\",\"props\":{\"layout\":\"1-2,1-2\"},\"children\":[{\"type\":\"column\",\"props\":{\"image_position\":\"center-center\",\"media_overlay_gradient\":\"\",\"width_medium\":\"1-2\"},\"children\":[{\"type\":\"image\",\"props\":{\"margin\":\"default\",\"image_svg_color\":\"emphasis\",\"image\":\"wp-content\\\/uploads\\\/2020\\\/06\\\/Gruppenfoto2-scaled.jpg\"}}]},{\"type\":\"column\",\"props\":{\"image_position\":\"center-center\",\"media_overlay_gradient\":\"\",\"width_medium\":\"1-2\"},\"children\":[{\"type\":\"headline\",\"props\":{\"title_element\":\"h1\",\"content\":\"\n\n<h1>Anja Gutberlet<\\\/h1>\"}},{\"type\":\"text\",\"props\":{\"margin\":\"default\",\"column_breakpoint\":\"m\",\"content\":\"\n\n<p>Accounting<\\\/p>\\n\n\n<p>Kontakt: Anja.Gutberlet@o-tonemusic.de<\\\/p>\\n\n\n<p>Tel: +49(0)641-94889-32<\\\/p>\"}}]}]}],\"name\":\"about us\"},{\"type\":\"section\",\"props\":{\"style\":\"default\",\"width\":\"default\",\"vertical_align\":\"middle\",\"title_position\":\"top-left\",\"title_rotation\":\"left\",\"title_breakpoint\":\"xl\",\"image_position\":\"center-center\",\"padding\":\"small\"},\"children\":[{\"type\":\"row\",\"props\":{\"layout\":\"1-2,1-2\"},\"children\":[{\"type\":\"column\",\"props\":{\"image_position\":\"center-center\",\"media_overlay_gradient\":\"\",\"width_medium\":\"1-2\"},\"children\":[{\"type\":\"headline\",\"props\":{\"title_element\":\"h1\",\"content\":\"\n\n<h2>Christoph Giese<\\\/h2>\"}},{\"type\":\"text\",\"props\":{\"margin\":\"default\",\"column_breakpoint\":\"m\",\"content\":\"\n\n<p>national &amp; intl. Booking<\\\/p>\\n\n\n<p>Kontakt: Christoph.Giese[@]o-tonemusic.de<\\\/p>\\n\n\n<p>Tel: +49(0)641-9488932<\\\/p>\"}}]},{\"type\":\"column\",\"props\":{\"image_position\":\"center-center\",\"media_overlay_gradient\":\"\",\"width_medium\":\"1-2\"},\"children\":[{\"type\":\"image\",\"props\":{\"margin\":\"default\",\"image_svg_color\":\"emphasis\",\"image\":\"wp-content\\\/uploads\\\/2020\\\/06\\\/Gruppenfoto2-scaled.jpg\"}}]}]}],\"name\":\"about us\"},{\"type\":\"section\",\"props\":{\"style\":\"default\",\"width\":\"default\",\"vertical_align\":\"middle\",\"title_position\":\"top-left\",\"title_rotation\":\"left\",\"title_breakpoint\":\"xl\",\"image_position\":\"center-center\",\"padding\":\"small\"},\"children\":[{\"type\":\"row\",\"props\":{\"layout\":\"1-2,1-2\"},\"children\":[{\"type\":\"column\",\"props\":{\"image_position\":\"center-center\",\"media_overlay_gradient\":\"\",\"width_medium\":\"1-2\"},\"children\":[{\"type\":\"image\",\"props\":{\"margin\":\"default\",\"image_svg_color\":\"emphasis\",\"image\":\"wp-content\\\/uploads\\\/2020\\\/06\\\/Gruppenfoto2-scaled.jpg\"}}]},{\"type\":\"column\",\"props\":{\"image_position\":\"center-center\",\"media_overlay_gradient\":\"\",\"width_medium\":\"1-2\"},\"children\":[{\"type\":\"headline\",\"props\":{\"title_element\":\"h1\",\"content\":\"\n\n<h2>Hannah Herbert<\\\/h2>\"}},{\"type\":\"text\",\"props\":{\"margin\":\"default\",\"column_breakpoint\":\"m\",\"content\":\"\n\n<p>Postproduction &amp; social media<\\\/p>\\n\n\n<p>Kontakt: Hannah.Herbert[@]o-tonemusic.de<\\\/p>\\n\n\n<p>Tel: +49(0)641-9488931<\\\/p>\"}}]}]}],\"name\":\"about us\"}],\"version\":\"2.2.1\"} --><\/p>\n","protected":false},"excerpt":{"rendered":"<p>Team Teamwork &#8211; gemeinsam mehr erreichen &#8211; schnelle Wege und Entscheidungen.\u00a0 Ein erfolgreiches wachsendes Team stellt sich vor: Gesch\u00e4ftsf\u00fchrer Kontakt: uwe.hager[@]o-tonemusic.de Tel. +49(0)641-9488930 Uwe Hager Uwe Hager (*1970, Freiburg) Musikwissenschaftler, Jazzpianist (Klavier, Fender Rhodes, Wurlitzer), Labelmanager und\u00a0 Gr\u00fcnder von o-tone music und Mitgr\u00fcnder von BHM Productions GmbH, studierte Musikwissenschaft, Musikp\u00e4dagogik, Soziologie an der Universit\u00e4t Gie\u00dfen [&hellip;]<\/p>\n","protected":false},"author":1,"featured_media":0,"parent":2300,"menu_order":0,"comment_status":"closed","ping_status":"closed","template":"","meta":{"_acf_changed":false,"footnotes":""},"class_list":["post-3315","page","type-page","status-publish","hentry"],"acf":[],"_links":{"self":[{"href":"https:\/\/www.o-tonemusic.de\/en\/wp-json\/wp\/v2\/pages\/3315","targetHints":{"allow":["GET"]}}],"collection":[{"href":"https:\/\/www.o-tonemusic.de\/en\/wp-json\/wp\/v2\/pages"}],"about":[{"href":"https:\/\/www.o-tonemusic.de\/en\/wp-json\/wp\/v2\/types\/page"}],"author":[{"embeddable":true,"href":"https:\/\/www.o-tonemusic.de\/en\/wp-json\/wp\/v2\/users\/1"}],"replies":[{"embeddable":true,"href":"https:\/\/www.o-tonemusic.de\/en\/wp-json\/wp\/v2\/comments?post=3315"}],"version-history":[{"count":49,"href":"https:\/\/www.o-tonemusic.de\/en\/wp-json\/wp\/v2\/pages\/3315\/revisions"}],"predecessor-version":[{"id":13823,"href":"https:\/\/www.o-tonemusic.de\/en\/wp-json\/wp\/v2\/pages\/3315\/revisions\/13823"}],"up":[{"embeddable":true,"href":"https:\/\/www.o-tonemusic.de\/en\/wp-json\/wp\/v2\/pages\/2300"}],"wp:attachment":[{"href":"https:\/\/www.o-tonemusic.de\/en\/wp-json\/wp\/v2\/media?parent=3315"}],"curies":[{"name":"wp","href":"https:\/\/api.w.org\/{rel}","templated":true}]}}