{"id":2594,"date":"2020-06-13T09:19:25","date_gmt":"2020-06-13T07:19:25","guid":{"rendered":"https:\/\/www.o-tonemusic.de?page_id=2594"},"modified":"2021-08-13T19:26:06","modified_gmt":"2021-08-13T17:26:06","slug":"jobs","status":"publish","type":"page","link":"https:\/\/www.o-tonemusic.de\/en\/jobs\/","title":{"rendered":"Jobs"},"content":{"rendered":"<h2>Jobs<\/h2>\n<div>\n<p>Wir erweitern unser Team:<\/p>\n<p><strong>Booking:<\/strong><\/p>\n<p>Derzeit sind alle Stellen besetzt.<\/p>\n<p><strong>Label &amp; Productmanager:<\/strong><\/p>\n<p>F\u00fcr das Label suchen wir ab Januar 2022 Unterst\u00fctzung im Productmanagement. Wenn Du Erfahrung in der Labelarbeit hast bewerbe Dich gerne mit aussagekr\u00e4ftigen Unterlagen bei jobs@o-tonemusic.de<\/p>\n<p><strong>Praktika ab Januar 2022 m\u00f6glich:<\/strong><\/p>\n<p>Wer bei uns ein studentisches Pflichtpraktikum in der Live Branche absolvieren m\u00f6chte (Dauer 3-5 Monate), kann sich gerne mit kurzem Lebenslauf und bei uns bewerben. jobs@o-tonemusic.de<\/p>\n<p>\u00a0<\/p>\n<\/div>\n<p><!-- {\"type\":\"layout\",\"children\":[{\"type\":\"section\",\"props\":{\"style\":\"default\",\"width\":\"default\",\"vertical_align\":\"middle\",\"title_position\":\"top-left\",\"title_rotation\":\"left\",\"title_breakpoint\":\"xl\",\"image_position\":\"center-center\",\"padding\":\"small\"},\"children\":[{\"type\":\"row\",\"props\":{\"layout\":\"1-2,1-2\"},\"children\":[{\"type\":\"column\",\"props\":{\"image_position\":\"center-center\",\"media_overlay_gradient\":\"\",\"width_medium\":\"1-2\"},\"children\":[{\"type\":\"headline\",\"props\":{\"title_element\":\"h2\",\"content\":\"Jobs\",\"title_style\":\"h1\"}}]},{\"type\":\"column\",\"props\":{\"image_position\":\"center-center\",\"media_overlay_gradient\":\"\",\"width_medium\":\"1-2\"},\"children\":[]}]},{\"type\":\"row\",\"children\":[{\"type\":\"column\",\"props\":{\"image_position\":\"center-center\",\"media_overlay_gradient\":\"\"},\"children\":[{\"type\":\"text\",\"props\":{\"margin\":\"default\",\"column_breakpoint\":\"m\",\"content\":\"\n\n<p>Wir erweitern unser Team:<\\\/p>\\n\n\n<p><strong>Booking:<\\\/strong><\\\/p>\\n\n\n<p>Derzeit sind alle Stellen besetzt.<\\\/p>\\n\n\n<p><strong>Label &amp; Productmanager:<\\\/strong><\\\/p>\\n\n\n<p>F\\u00fcr das Label suchen wir ab Januar 2022 Unterst\\u00fctzung im Productmanagement. Wenn Du Erfahrung in der Labelarbeit hast bewerbe Dich gerne mit aussagekr\\u00e4ftigen Unterlagen bei jobs@o-tonemusic.de<\\\/p>\\n\n\n<p><strong>Praktika ab Januar 2022 m\\u00f6glich:<\\\/strong><\\\/p>\\n\n\n<p>Wer bei uns ein studentisches Pflichtpraktikum in der Live Branche absolvieren m\\u00f6chte (Dauer 3-5 Monate), kann sich gerne mit kurzem Lebenslauf und bei uns bewerben. jobs@o-tonemusic.de<\\\/p>\\n\n\n<p>\\u00a0<\\\/p>\"}}]}]}],\"name\":\"jobs\"}],\"version\":\"2.2.1\"} --><\/p>\n","protected":false},"excerpt":{"rendered":"<p>Jobs Wir erweitern unser Team: Booking: Derzeit sind alle Stellen besetzt. Label &amp; Productmanager: F\u00fcr das Label suchen wir ab Januar 2022 Unterst\u00fctzung im Productmanagement. Wenn Du Erfahrung in der Labelarbeit hast bewerbe Dich gerne mit aussagekr\u00e4ftigen Unterlagen bei jobs@o-tonemusic.de Praktika ab Januar 2022 m\u00f6glich: Wer bei uns ein studentisches Pflichtpraktikum in der Live Branche [&hellip;]<\/p>\n","protected":false},"author":1,"featured_media":0,"parent":0,"menu_order":0,"comment_status":"closed","ping_status":"closed","template":"","meta":{"_acf_changed":false,"footnotes":""},"class_list":["post-2594","page","type-page","status-publish","hentry"],"acf":[],"_links":{"self":[{"href":"https:\/\/www.o-tonemusic.de\/en\/wp-json\/wp\/v2\/pages\/2594","targetHints":{"allow":["GET"]}}],"collection":[{"href":"https:\/\/www.o-tonemusic.de\/en\/wp-json\/wp\/v2\/pages"}],"about":[{"href":"https:\/\/www.o-tonemusic.de\/en\/wp-json\/wp\/v2\/types\/page"}],"author":[{"embeddable":true,"href":"https:\/\/www.o-tonemusic.de\/en\/wp-json\/wp\/v2\/users\/1"}],"replies":[{"embeddable":true,"href":"https:\/\/www.o-tonemusic.de\/en\/wp-json\/wp\/v2\/comments?post=2594"}],"version-history":[{"count":14,"href":"https:\/\/www.o-tonemusic.de\/en\/wp-json\/wp\/v2\/pages\/2594\/revisions"}],"predecessor-version":[{"id":7281,"href":"https:\/\/www.o-tonemusic.de\/en\/wp-json\/wp\/v2\/pages\/2594\/revisions\/7281"}],"wp:attachment":[{"href":"https:\/\/www.o-tonemusic.de\/en\/wp-json\/wp\/v2\/media?parent=2594"}],"curies":[{"name":"wp","href":"https:\/\/api.w.org\/{rel}","templated":true}]}}